{"id":110,"date":"2023-04-04T11:42:36","date_gmt":"2023-04-04T11:42:36","guid":{"rendered":"https:\/\/www.perecrespi.es\/?page_id=110"},"modified":"2023-04-04T11:53:00","modified_gmt":"2023-04-04T11:53:00","slug":"colaboracion","status":"publish","type":"page","link":"https:\/\/www.perecrespi.es\/index.php\/colaboracion\/","title":{"rendered":"COLABORACI\u00d3N"},"content":{"rendered":"\t\t<div data-elementor-type=\"wp-page\" data-elementor-id=\"110\" class=\"elementor elementor-110\">\n\t\t\t\t<div class=\"elementor-element elementor-element-96e169b e-flex e-con-boxed e-con e-parent\" data-id=\"96e169b\" data-element_type=\"container\" data-e-type=\"container\">\n\t\t\t\t\t<div class=\"e-con-inner\">\n\t\t\t\t<div class=\"elementor-element elementor-element-729a828 elementor-widget elementor-widget-heading\" data-id=\"729a828\" data-element_type=\"widget\" data-e-type=\"widget\" data-widget_type=\"heading.default\">\n\t\t\t\t<div class=\"elementor-widget-container\">\n\t\t\t\t\t<h2 class=\"elementor-heading-title elementor-size-default\">COLABORACI\u00d3N MULTIDISCIPLINAR<\/h2>\t\t\t\t<\/div>\n\t\t\t\t<\/div>\n\t\t\t\t\t<\/div>\n\t\t\t\t<\/div>\n\t\t<div class=\"elementor-element elementor-element-488482b e-flex e-con-boxed e-con e-parent\" data-id=\"488482b\" data-element_type=\"container\" data-e-type=\"container\">\n\t\t\t\t\t<div class=\"e-con-inner\">\n\t\t\t\t<div class=\"elementor-element elementor-element-def0d6f elementor-widget elementor-widget-text-editor\" data-id=\"def0d6f\" data-element_type=\"widget\" data-e-type=\"widget\" data-widget_type=\"text-editor.default\">\n\t\t\t\t<div class=\"elementor-widget-container\">\n\t\t\t\t\t\t\t\t\t<div><div>El letrado Pere Cresp\u00ed Cabot se caracteriza, entre otros, por su fuerte enfoque hacia el cliente. Como consecuencia, surge la colaboraci\u00f3n con las entidades Consultoria Bosch Batle y \u201cGay\u00e1 Consulting\u201d.<\/div><br \/><div>\u00bfCu\u00e1l es el objetivo de la colaboraci\u00f3n multidisciplinar?<\/div><br \/><div>Atender \u00e1gilmente las necesidades del cliente en todas las \u00e1reas. (asesor\u00eda fiscal, legal, contable, mercantil, laboral, financiera, mejora organizacional, consultor\u00eda direcci\u00f3n, calidad, gesti\u00f3n escrituras, inspecciones, aplazamientos, concursos de acreedores, reestructuraci\u00f3n empresarial, herencias, impuestos, tramitaciones de sociedades,consolidaci\u00f3n fiscal, impuesto de sociedades, contabilidad, cierres contables\u2026)<\/div><br \/><div>De esta manera, y en un \u00fanico espacio, el cliente recibe un asesoramiento jur\u00eddico, fiscal, tributario y laboral.<\/div><\/div>\t\t\t\t\t\t\t\t<\/div>\n\t\t\t\t<\/div>\n\t\t\t\t\t<\/div>\n\t\t\t\t<\/div>\n\t\t<div class=\"elementor-element elementor-element-51f905f e-flex e-con-boxed e-con e-parent\" data-id=\"51f905f\" data-element_type=\"container\" data-e-type=\"container\">\n\t\t\t\t\t<div class=\"e-con-inner\">\n\t\t<div class=\"elementor-element elementor-element-c9654a3 e-con-full e-flex e-con e-parent\" data-id=\"c9654a3\" data-element_type=\"container\" data-e-type=\"container\">\n\t\t\t\t<div class=\"elementor-element elementor-element-38d77b7 elementor-widget elementor-widget-image\" data-id=\"38d77b7\" data-element_type=\"widget\" data-e-type=\"widget\" data-widget_type=\"image.default\">\n\t\t\t\t<div class=\"elementor-widget-container\">\n\t\t\t\t\t\t\t\t\t\t\t\t\t\t\t<img fetchpriority=\"high\" decoding=\"async\" width=\"573\" height=\"384\" src=\"https:\/\/www.perecrespi.es\/wp-content\/uploads\/2023\/04\/RamonGaya_573x384.png\" class=\"attachment-large size-large wp-image-61\" alt=\"\" srcset=\"https:\/\/www.perecrespi.es\/wp-content\/uploads\/2023\/04\/RamonGaya_573x384.png 573w, https:\/\/www.perecrespi.es\/wp-content\/uploads\/2023\/04\/RamonGaya_573x384-300x201.png 300w\" sizes=\"(max-width: 573px) 100vw, 573px\" \/>\t\t\t\t\t\t\t\t\t\t\t\t\t\t\t<\/div>\n\t\t\t\t<\/div>\n\t\t\t\t<\/div>\n\t\t<div class=\"elementor-element elementor-element-f41778d e-con-full e-flex e-con e-parent\" data-id=\"f41778d\" data-element_type=\"container\" data-e-type=\"container\">\n\t\t\t\t<div class=\"elementor-element elementor-element-9f55e38 elementor-widget elementor-widget-image\" data-id=\"9f55e38\" data-element_type=\"widget\" data-e-type=\"widget\" data-widget_type=\"image.default\">\n\t\t\t\t<div class=\"elementor-widget-container\">\n\t\t\t\t\t\t\t\t\t\t\t\t\t\t\t<img decoding=\"async\" width=\"573\" height=\"384\" src=\"https:\/\/www.perecrespi.es\/wp-content\/uploads\/2023\/04\/logo_pere_castellano-1.jpg\" class=\"attachment-large size-large wp-image-56\" alt=\"\" srcset=\"https:\/\/www.perecrespi.es\/wp-content\/uploads\/2023\/04\/logo_pere_castellano-1.jpg 573w, https:\/\/www.perecrespi.es\/wp-content\/uploads\/2023\/04\/logo_pere_castellano-1-300x201.jpg 300w\" sizes=\"(max-width: 573px) 100vw, 573px\" \/>\t\t\t\t\t\t\t\t\t\t\t\t\t\t\t<\/div>\n\t\t\t\t<\/div>\n\t\t\t\t<\/div>\n\t\t<div class=\"elementor-element elementor-element-538702d e-con-full e-flex e-con e-parent\" data-id=\"538702d\" data-element_type=\"container\" data-e-type=\"container\">\n\t\t\t\t<div class=\"elementor-element elementor-element-1592d61 elementor-widget elementor-widget-image\" data-id=\"1592d61\" data-element_type=\"widget\" data-e-type=\"widget\" data-widget_type=\"image.default\">\n\t\t\t\t<div class=\"elementor-widget-container\">\n\t\t\t\t\t\t\t\t\t\t\t\t\t\t\t<img decoding=\"async\" width=\"573\" height=\"384\" src=\"https:\/\/www.perecrespi.es\/wp-content\/uploads\/2023\/04\/BoschBatle_573x384.png\" class=\"attachment-large size-large wp-image-53\" alt=\"\" srcset=\"https:\/\/www.perecrespi.es\/wp-content\/uploads\/2023\/04\/BoschBatle_573x384.png 573w, https:\/\/www.perecrespi.es\/wp-content\/uploads\/2023\/04\/BoschBatle_573x384-300x201.png 300w\" sizes=\"(max-width: 573px) 100vw, 573px\" \/>\t\t\t\t\t\t\t\t\t\t\t\t\t\t\t<\/div>\n\t\t\t\t<\/div>\n\t\t\t\t<\/div>\n\t\t\t\t\t<\/div>\n\t\t\t\t<\/div>\n\t\t\t\t<\/div>\n\t\t","protected":false},"excerpt":{"rendered":"<p>COLABORACI\u00d3N MULTIDISCIPLINAR El letrado Pere Cresp\u00ed Cabot se caracteriza, entre otros, por su fuerte enfoque hacia el cliente. Como consecuencia, surge la colaboraci\u00f3n con las entidades Consultoria Bosch Batle y \u201cGay\u00e1 Consulting\u201d.\u00bfCu\u00e1l es el objetivo de la colaboraci\u00f3n multidisciplinar?Atender \u00e1gilmente las necesidades del cliente en todas las \u00e1reas. (asesor\u00eda fiscal, legal, contable, mercantil, laboral, financiera, [&hellip;]<\/p>\n","protected":false},"author":1,"featured_media":0,"parent":0,"menu_order":0,"comment_status":"closed","ping_status":"closed","template":"","meta":{"footnotes":""},"class_list":["post-110","page","type-page","status-publish","hentry"],"yoast_head":"<!-- This site is optimized with the Yoast SEO plugin v27.4 - https:\/\/yoast.com\/product\/yoast-seo-wordpress\/ -->\n<title>COLABORACI\u00d3N - Pere Crespi Cabot Abogado<\/title>\n<meta name=\"robots\" content=\"index, follow, max-snippet:-1, max-image-preview:large, max-video-preview:-1\" \/>\n<link rel=\"canonical\" href=\"https:\/\/www.perecrespi.es\/index.php\/colaboracion\/\" \/>\n<meta property=\"og:locale\" content=\"es_ES\" \/>\n<meta property=\"og:type\" content=\"article\" \/>\n<meta property=\"og:title\" content=\"COLABORACI\u00d3N - Pere Crespi Cabot Abogado\" \/>\n<meta property=\"og:description\" content=\"COLABORACI\u00d3N MULTIDISCIPLINAR El letrado Pere Cresp\u00ed Cabot se caracteriza, entre otros, por su fuerte enfoque hacia el cliente. Como consecuencia, surge la colaboraci\u00f3n con las entidades Consultoria Bosch Batle y \u201cGay\u00e1 Consulting\u201d.\u00bfCu\u00e1l es el objetivo de la colaboraci\u00f3n multidisciplinar?Atender \u00e1gilmente las necesidades del cliente en todas las \u00e1reas. (asesor\u00eda fiscal, legal, contable, mercantil, laboral, financiera, [&hellip;]\" \/>\n<meta property=\"og:url\" content=\"https:\/\/www.perecrespi.es\/index.php\/colaboracion\/\" \/>\n<meta property=\"og:site_name\" content=\"Pere Crespi Cabot Abogado\" \/>\n<meta property=\"article:modified_time\" content=\"2023-04-04T11:53:00+00:00\" \/>\n<meta property=\"og:image\" content=\"http:\/\/www.perecrespi.es\/wp-content\/uploads\/2023\/04\/RamonGaya_573x384.png\" \/>\n<meta name=\"twitter:card\" content=\"summary_large_image\" \/>\n<meta name=\"twitter:label1\" content=\"Tiempo de lectura\" \/>\n\t<meta name=\"twitter:data1\" content=\"1 minuto\" \/>\n<script type=\"application\/ld+json\" class=\"yoast-schema-graph\">{\"@context\":\"https:\\\/\\\/schema.org\",\"@graph\":[{\"@type\":\"WebPage\",\"@id\":\"https:\\\/\\\/www.perecrespi.es\\\/index.php\\\/colaboracion\\\/\",\"url\":\"https:\\\/\\\/www.perecrespi.es\\\/index.php\\\/colaboracion\\\/\",\"name\":\"COLABORACI\u00d3N - Pere Crespi Cabot Abogado\",\"isPartOf\":{\"@id\":\"https:\\\/\\\/www.perecrespi.es\\\/#website\"},\"primaryImageOfPage\":{\"@id\":\"https:\\\/\\\/www.perecrespi.es\\\/index.php\\\/colaboracion\\\/#primaryimage\"},\"image\":{\"@id\":\"https:\\\/\\\/www.perecrespi.es\\\/index.php\\\/colaboracion\\\/#primaryimage\"},\"thumbnailUrl\":\"http:\\\/\\\/www.perecrespi.es\\\/wp-content\\\/uploads\\\/2023\\\/04\\\/RamonGaya_573x384.png\",\"datePublished\":\"2023-04-04T11:42:36+00:00\",\"dateModified\":\"2023-04-04T11:53:00+00:00\",\"breadcrumb\":{\"@id\":\"https:\\\/\\\/www.perecrespi.es\\\/index.php\\\/colaboracion\\\/#breadcrumb\"},\"inLanguage\":\"es\",\"potentialAction\":[{\"@type\":\"ReadAction\",\"target\":[\"https:\\\/\\\/www.perecrespi.es\\\/index.php\\\/colaboracion\\\/\"]}]},{\"@type\":\"ImageObject\",\"inLanguage\":\"es\",\"@id\":\"https:\\\/\\\/www.perecrespi.es\\\/index.php\\\/colaboracion\\\/#primaryimage\",\"url\":\"http:\\\/\\\/www.perecrespi.es\\\/wp-content\\\/uploads\\\/2023\\\/04\\\/RamonGaya_573x384.png\",\"contentUrl\":\"http:\\\/\\\/www.perecrespi.es\\\/wp-content\\\/uploads\\\/2023\\\/04\\\/RamonGaya_573x384.png\"},{\"@type\":\"BreadcrumbList\",\"@id\":\"https:\\\/\\\/www.perecrespi.es\\\/index.php\\\/colaboracion\\\/#breadcrumb\",\"itemListElement\":[{\"@type\":\"ListItem\",\"position\":1,\"name\":\"Portada\",\"item\":\"https:\\\/\\\/www.perecrespi.es\\\/\"},{\"@type\":\"ListItem\",\"position\":2,\"name\":\"COLABORACI\u00d3N\"}]},{\"@type\":\"WebSite\",\"@id\":\"https:\\\/\\\/www.perecrespi.es\\\/#website\",\"url\":\"https:\\\/\\\/www.perecrespi.es\\\/\",\"name\":\"Pere Crespi Cabot Abogado\",\"description\":\"Abogado\",\"publisher\":{\"@id\":\"https:\\\/\\\/www.perecrespi.es\\\/#organization\"},\"potentialAction\":[{\"@type\":\"SearchAction\",\"target\":{\"@type\":\"EntryPoint\",\"urlTemplate\":\"https:\\\/\\\/www.perecrespi.es\\\/?s={search_term_string}\"},\"query-input\":{\"@type\":\"PropertyValueSpecification\",\"valueRequired\":true,\"valueName\":\"search_term_string\"}}],\"inLanguage\":\"es\"},{\"@type\":\"Organization\",\"@id\":\"https:\\\/\\\/www.perecrespi.es\\\/#organization\",\"name\":\"Pere Crespi Cabot Abogado\",\"url\":\"https:\\\/\\\/www.perecrespi.es\\\/\",\"logo\":{\"@type\":\"ImageObject\",\"inLanguage\":\"es\",\"@id\":\"https:\\\/\\\/www.perecrespi.es\\\/#\\\/schema\\\/logo\\\/image\\\/\",\"url\":\"https:\\\/\\\/www.perecrespi.es\\\/wp-content\\\/uploads\\\/2023\\\/04\\\/logo-1.png\",\"contentUrl\":\"https:\\\/\\\/www.perecrespi.es\\\/wp-content\\\/uploads\\\/2023\\\/04\\\/logo-1.png\",\"width\":746,\"height\":239,\"caption\":\"Pere Crespi Cabot Abogado\"},\"image\":{\"@id\":\"https:\\\/\\\/www.perecrespi.es\\\/#\\\/schema\\\/logo\\\/image\\\/\"}}]}<\/script>\n<!-- \/ Yoast SEO plugin. -->","yoast_head_json":{"title":"COLABORACI\u00d3N - Pere Crespi Cabot Abogado","robots":{"index":"index","follow":"follow","max-snippet":"max-snippet:-1","max-image-preview":"max-image-preview:large","max-video-preview":"max-video-preview:-1"},"canonical":"https:\/\/www.perecrespi.es\/index.php\/colaboracion\/","og_locale":"es_ES","og_type":"article","og_title":"COLABORACI\u00d3N - Pere Crespi Cabot Abogado","og_description":"COLABORACI\u00d3N MULTIDISCIPLINAR El letrado Pere Cresp\u00ed Cabot se caracteriza, entre otros, por su fuerte enfoque hacia el cliente. Como consecuencia, surge la colaboraci\u00f3n con las entidades Consultoria Bosch Batle y \u201cGay\u00e1 Consulting\u201d.\u00bfCu\u00e1l es el objetivo de la colaboraci\u00f3n multidisciplinar?Atender \u00e1gilmente las necesidades del cliente en todas las \u00e1reas. (asesor\u00eda fiscal, legal, contable, mercantil, laboral, financiera, [&hellip;]","og_url":"https:\/\/www.perecrespi.es\/index.php\/colaboracion\/","og_site_name":"Pere Crespi Cabot Abogado","article_modified_time":"2023-04-04T11:53:00+00:00","og_image":[{"url":"http:\/\/www.perecrespi.es\/wp-content\/uploads\/2023\/04\/RamonGaya_573x384.png","type":"","width":"","height":""}],"twitter_card":"summary_large_image","twitter_misc":{"Tiempo de lectura":"1 minuto"},"schema":{"@context":"https:\/\/schema.org","@graph":[{"@type":"WebPage","@id":"https:\/\/www.perecrespi.es\/index.php\/colaboracion\/","url":"https:\/\/www.perecrespi.es\/index.php\/colaboracion\/","name":"COLABORACI\u00d3N - Pere Crespi Cabot Abogado","isPartOf":{"@id":"https:\/\/www.perecrespi.es\/#website"},"primaryImageOfPage":{"@id":"https:\/\/www.perecrespi.es\/index.php\/colaboracion\/#primaryimage"},"image":{"@id":"https:\/\/www.perecrespi.es\/index.php\/colaboracion\/#primaryimage"},"thumbnailUrl":"http:\/\/www.perecrespi.es\/wp-content\/uploads\/2023\/04\/RamonGaya_573x384.png","datePublished":"2023-04-04T11:42:36+00:00","dateModified":"2023-04-04T11:53:00+00:00","breadcrumb":{"@id":"https:\/\/www.perecrespi.es\/index.php\/colaboracion\/#breadcrumb"},"inLanguage":"es","potentialAction":[{"@type":"ReadAction","target":["https:\/\/www.perecrespi.es\/index.php\/colaboracion\/"]}]},{"@type":"ImageObject","inLanguage":"es","@id":"https:\/\/www.perecrespi.es\/index.php\/colaboracion\/#primaryimage","url":"http:\/\/www.perecrespi.es\/wp-content\/uploads\/2023\/04\/RamonGaya_573x384.png","contentUrl":"http:\/\/www.perecrespi.es\/wp-content\/uploads\/2023\/04\/RamonGaya_573x384.png"},{"@type":"BreadcrumbList","@id":"https:\/\/www.perecrespi.es\/index.php\/colaboracion\/#breadcrumb","itemListElement":[{"@type":"ListItem","position":1,"name":"Portada","item":"https:\/\/www.perecrespi.es\/"},{"@type":"ListItem","position":2,"name":"COLABORACI\u00d3N"}]},{"@type":"WebSite","@id":"https:\/\/www.perecrespi.es\/#website","url":"https:\/\/www.perecrespi.es\/","name":"Pere Crespi Cabot Abogado","description":"Abogado","publisher":{"@id":"https:\/\/www.perecrespi.es\/#organization"},"potentialAction":[{"@type":"SearchAction","target":{"@type":"EntryPoint","urlTemplate":"https:\/\/www.perecrespi.es\/?s={search_term_string}"},"query-input":{"@type":"PropertyValueSpecification","valueRequired":true,"valueName":"search_term_string"}}],"inLanguage":"es"},{"@type":"Organization","@id":"https:\/\/www.perecrespi.es\/#organization","name":"Pere Crespi Cabot Abogado","url":"https:\/\/www.perecrespi.es\/","logo":{"@type":"ImageObject","inLanguage":"es","@id":"https:\/\/www.perecrespi.es\/#\/schema\/logo\/image\/","url":"https:\/\/www.perecrespi.es\/wp-content\/uploads\/2023\/04\/logo-1.png","contentUrl":"https:\/\/www.perecrespi.es\/wp-content\/uploads\/2023\/04\/logo-1.png","width":746,"height":239,"caption":"Pere Crespi Cabot Abogado"},"image":{"@id":"https:\/\/www.perecrespi.es\/#\/schema\/logo\/image\/"}}]}},"_links":{"self":[{"href":"https:\/\/www.perecrespi.es\/index.php\/wp-json\/wp\/v2\/pages\/110","targetHints":{"allow":["GET"]}}],"collection":[{"href":"https:\/\/www.perecrespi.es\/index.php\/wp-json\/wp\/v2\/pages"}],"about":[{"href":"https:\/\/www.perecrespi.es\/index.php\/wp-json\/wp\/v2\/types\/page"}],"author":[{"embeddable":true,"href":"https:\/\/www.perecrespi.es\/index.php\/wp-json\/wp\/v2\/users\/1"}],"replies":[{"embeddable":true,"href":"https:\/\/www.perecrespi.es\/index.php\/wp-json\/wp\/v2\/comments?post=110"}],"version-history":[{"count":10,"href":"https:\/\/www.perecrespi.es\/index.php\/wp-json\/wp\/v2\/pages\/110\/revisions"}],"predecessor-version":[{"id":121,"href":"https:\/\/www.perecrespi.es\/index.php\/wp-json\/wp\/v2\/pages\/110\/revisions\/121"}],"wp:attachment":[{"href":"https:\/\/www.perecrespi.es\/index.php\/wp-json\/wp\/v2\/media?parent=110"}],"curies":[{"name":"wp","href":"https:\/\/api.w.org\/{rel}","templated":true}]}}